{"id":131,"date":"2018-01-06T22:40:05","date_gmt":"2018-01-06T21:40:05","guid":{"rendered":"http:\/\/127.0.0.1\/wordpress\/?page_id=131"},"modified":"2018-01-12T23:02:13","modified_gmt":"2018-01-12T22:02:13","slug":"slowniki","status":"publish","type":"page","link":"https:\/\/www.tlumaczeniaprzysiegle.org\/?page_id=131","title":{"rendered":"Na skr\u00f3ty&#8230;"},"content":{"rendered":"<p style=\"text-align: justify;\"><a href=\"http:\/\/www.dictionary.pl\/web\"><strong>dictionary.pl<\/strong><\/a> &#8211; internetowy s\u0142ownik polsko-angielski i angielsko-polski z ciekaw\u0105 opcj\u0105 t\u0142umaczenia stron internetowych.<\/p>\n<form action=\"http:\/\/www.dictionary.pl\/web\/vocabulary\/\" method=\"post\">\n<table style=\"font: 8pt Verdana, sans-serif; background: #ddd; border: solid 1px #aaa; width: 230px;\" cellspacing=\"0\" cellpadding=\"0\">\n<tbody>\n<tr style=\"text-align: justify;\">\n<td style=\"font: 8pt Verdana sans-serif; color: #fff; background: #124e84; padding: 2px 5px 2px 5px; text-align: left;\"><a style=\"font-size: 8pt; font-weight: bold; font-family: Verdana; text-decoration: none; color: #fff;\" href=\"http:\/\/www.dictionary.pl\/\">dictionary.pl<\/a> &#8211; s\u0142ownik pl-en, en-pl<\/td>\n<\/tr>\n<tr>\n<td style=\"padding: 10px; text-align: justify;\"><input style=\"font: 8pt Verdana, sans-serif; border: solid 1px #124e84; width: 210px;\" maxlength=\"32\" name=\"query\" type=\"text\" \/><br \/>\n<input style=\"font: 8pt Verdana, sans-serif; border: solid 1px #124e84; width: 95px; margin-top: 5px;\" name=\"search\" type=\"submit\" value=\"szukaj\" \/><\/td>\n<\/tr>\n<\/tbody>\n<\/table>\n<\/form>\n<p>&nbsp;<\/p>\n<p style=\"text-align: justify;\"><strong><a title=\"Strona g\u0142\u00f3wna s\u0142ownika internetowego e-DICT\" href=\"http:\/\/www.dict.pl\">e-DICT<\/a> <\/strong>&#8211; internetowy s\u0142ownik polsko-angielski i angielsko-polski pojedynczych wyraz\u00f3w i ca\u0142ych wyra\u017ce\u0144 plus formy czasownik\u00f3w nieregularnych.<\/p>\n<form style=\"margin: 0;\" accept-charset=\"utf-8\" action=\"http:\/\/www.dict.pl\/dict\" method=\"get\">\n<div style=\"width: 160px; padding: 3px; border: 1px outset black; background-color: #c62929; font-family: Verdana, Serif; font-size: 10px; color: #082963; text-align: center;\">\n<div style=\"width: 100%; background-color: #082963; padding: 3px 0 3px 0;\"><a style=\"color: white; font-size: 15px; text-decoration: none; font-weight: bold;\" title=\"S\u0142ownik polsko-angielski\" href=\"http:\/\/www.dict.pl\"><br \/>\nDICT<br \/>\n<\/a><a style=\"color: white; text-decoration: none; font-size: 11px;\" title=\"S\u0142ownik polsko-angielski\" href=\"http:\/\/www.dict.pl\"><br \/>\nS\u0142ownik polsko-angielski<br \/>\n<\/a><\/div>\n<div>\n<fieldset style=\"border: 0; color: white;\">Wpisz wyra\u017cenie polskie lub angielskie:<br \/>\n<input style=\"width: 97%;\" title=\"Wpisz s\u0142owo lub wyra\u017cenie\" name=\"word\" type=\"text\" \/><br \/>\n<input style=\"cursor: pointer; color: #082963; font-size: 90%; font-weight: bold; border: 2px beveled #082963;\" type=\"submit\" value=\"Szukaj\" \/><br \/>\n<input name=\"lang\" type=\"hidden\" value=\"PL\" \/><\/fieldset>\n<\/div>\n<div style=\"text-align: right;\"><a style=\"color: white; text-decoration: none;\" title=\"ADIPS\" href=\"http:\/\/www.adips.pl\">System \u00a9 ADIPS<\/a><\/div>\n<\/div>\n<\/form>\n<p>&nbsp;<\/p>\n<p style=\"text-align: justify;\"><a href=\"https:\/\/ling.pl\"><strong>LING.PL<\/strong><\/a> &#8211; t\u0142umaczenie pojedynczych wyraz\u00f3w oraz ca\u0142ych fraz. 98.631 hase\u0142 z angielskiego na polski i 93.989 z polskiego na angielski (du\u017cy zakres tematyczny). Opr\u00f3cz s\u0142ownika angielskiego dost\u0119pny online tak\u017ce internetowy s\u0142ownik niemiecki, francuski, w\u0142oski, hiszpa\u0144ski, rosyjski i ortograficzny.<\/p>\n<div style=\"border: 1px solid #cccccc; padding: 0.250em; line-height: 0.875em;\">\n<form id=\"lingbox_form\" action=\"https:\/\/ling.pl\/wwwbox\/\" method=\"GET\"><a style=\"display: block; text-align: center;\" title=\"Ling.pl - najwi\u0119kszy s\u0142ownik internetowy\" href=\"http:\/\/ling.pl\"><img decoding=\"async\" src=\"https:\/\/ling.pl\/ling_img\/small-logo.png\" alt=\"Ling.pl - najwi\u0119kszy s\u0142ownik internetowy\" \/><\/a><input style=\"border: 1px solid #cccccc; float: left; padding: 0; width: 85%; margin-bottom: 0;\" title=\"Podaj wyra\u017cenie\" name=\"word\" type=\"text\" \/><img decoding=\"async\" style=\"float: right; cursor: pointer;\" src=\"https:\/\/ling.pl\/ling_img\/lingbox_szukaj.png\" alt=\"Szukaj w ling.pl\" \/><a style=\"font-size: 0.625em; color: #000; text-decoration: none; display: block; clear: both; text-align: center;\" href=\"http:\/\/ling.pl\">ling.pl &#8211; najwi\u0119kszy s\u0142ownik internetowy<\/a><\/form>\n<\/div>\n<p>&nbsp;<\/p>\n<p style=\"text-align: left;\"><a href=\"https:\/\/www.lexicool.com\"><strong>lexicool<\/strong><\/a> &#8211; katalog s\u0142ownik\u00f3w dwuj\u0119zycznych i wieloj\u0119zycznych<\/p>\n<p>lexicool.com<br \/>\nlexicool.com<br \/>\n<!-- BEGIN LEXICOOL CODE --><\/p>\n<table style=\"border: 1px solid #666666; margin-left: left; margin-right: auto; width: 220px;\">\n<tbody>\n<tr>\n<td style=\"text-align: right; font-size: 11px;\"><script type=\"text\/javascript\"><!-- var LC_BackColour='#8B9FBE';var LC_TextColour='#ffffff';var LC_Width='220';var LC_ButtonType='1' \/\/--><\/script><br \/>\n<script type=\"text\/javascript\" src=\"https:\/\/www.lexicool.com\/scripts\/lexicool_search_en.js\"><\/script><br \/>\n<em>Powered by <a href=\"https:\/\/www.lexicool.com\/\" target=\"_blank\" rel=\"noopener\">lexicool.com<\/a><\/em><\/td>\n<\/tr>\n<\/tbody>\n<\/table>\n<p><!-- END LEXICOOL CODE --><\/p>\n<p>&nbsp;<\/p>\n<p style=\"text-align: justify;\"><a href=\"https:\/\/pl.bab.la\"><strong>bab.la<\/strong><\/a> &#8211; to interaktywny portal j\u0119zykowy oferuj\u0105cy 20 s\u0142ownik\u00f3w, 13 wersji j\u0119zykowych, nauk\u0119 s\u0142\u00f3wek, testy, quizy i gry do nauki j\u0119zyk\u00f3w obcych oraz forum j\u0119zykowe. Projekt ten powsta\u0142 w 2007 roku i od tego czasu stale i dynamicznie si\u0119 rozwija dzi\u0119ki pomocy j\u0119zykowych entuzjast\u00f3w z ca\u0142ego \u015bwiata.<\/p>\n<div style=\"width: 300px; background-color: #c5d8ff; margin-bottom: 20px;\">\n<div style=\"width: 299px; border: 1px solid #C0C0C0;\">\n<div id=\"title\" style=\"height: 20px; font-family: Verdana,Arial,Trebuchet MS, Helvetica, sans-serif; font-size: 14px; font-weight: bold; padding: 2px 0 0 2px;\">Angielski-Polski<\/div>\n<p><iframe id=\"babla\" style=\"border: 0; background-color: #ffffff;\" src=\"http:\/\/pl.bab.la\/widgets\/show.php?w=200 &amp; h=200 &amp; ddict=EnPl\" name=\"babla\" width=\"299px\" height=\"200px\" scrolling=\"no\"><\/iframe><\/p>\n<div id=\"powered\" style=\"float: right; font-family: Verdana,Arial,Trebuchet MS, Helvetica, sans-serif; font-size: 11px; color: #000000; background-color: #c5d8ff;\">\u00a9 <a style=\"color: #000000; text-decoration: none;\" href=\"http:\/\/pl.bab.la\/\" target=\"_blank\" rel=\"noopener\">S\u0142ownik<\/a> bab.la<\/div>\n<div style=\"clear: both;\"><\/div>\n<\/div>\n<\/div>\n<p>&nbsp;<\/p>\n<p style=\"text-align: justify;\"><a href=\"http:\/\/www.leksyka.pl\"><strong>leksyka<\/strong><\/a> &#8211; dzia\u0142aj\u0105cy od grudnia 2001 roku s\u0142ownik internetowy b\u0119d\u0105cy efektem projektu, kt\u00f3rego za\u0142o\u017ceniem jest obj\u0119cie ca\u0142ego s\u0142ownictwa j\u0119zyka angielskiego. Jak podaj\u0105 tw\u00f3rcy &#8211; jest to pierwszy tego typu projekt na \u015bwiecie. S\u0142ownik s\u0142ownictwa og\u00f3lnego udost\u0119pniany jest nieodp\u0142atnie. Jedynie w przypadku s\u0142ownictwa specjalistycznego wprowadzona jest op\u0142ata abonamentowa. Z op\u0142aty tej zwolnieni s\u0105 studenci oraz pracownicy naukowi wy\u017cszych uczelni. Do bazy s\u0142ownika pod\u0142\u0105czone zosta\u0142y NIEODP\u0141ATNIE wszystkie wi\u0119ksze biblioteki akademickie. Oznacza to, \u017ce za pomoc\u0105 strony internetowej biblioteki mo\u017cna wej\u015b\u0107 (z komputera akademickiego) do Leksyki i korzysta\u0107 z pe\u0142nej bazy hase\u0142.<\/p>\n","protected":false},"excerpt":{"rendered":"<p>dictionary.pl &#8211; internetowy s\u0142ownik polsko-angielski i angielsko-polski z ciekaw\u0105 opcj\u0105 t\u0142umaczenia stron internetowych. dictionary.pl &#8211; s\u0142ownik pl-en, en-pl &nbsp; e-DICT &#8211; internetowy s\u0142ownik polsko-angielski i angielsko-polski pojedynczych wyraz\u00f3w i ca\u0142ych wyra\u017ce\u0144 plus formy czasownik\u00f3w nieregularnych. DICT S\u0142ownik polsko-angielski Wpisz wyra\u017cenie <a href=\"https:\/\/www.tlumaczeniaprzysiegle.org\/?page_id=131\" class=\"read-more\">Read More &#8230;<\/a><\/p>\n","protected":false},"author":1,"featured_media":0,"parent":0,"menu_order":0,"comment_status":"closed","ping_status":"closed","template":"","meta":{"footnotes":""},"class_list":["post-131","page","type-page","status-publish","hentry"],"_links":{"self":[{"href":"https:\/\/www.tlumaczeniaprzysiegle.org\/index.php?rest_route=\/wp\/v2\/pages\/131","targetHints":{"allow":["GET"]}}],"collection":[{"href":"https:\/\/www.tlumaczeniaprzysiegle.org\/index.php?rest_route=\/wp\/v2\/pages"}],"about":[{"href":"https:\/\/www.tlumaczeniaprzysiegle.org\/index.php?rest_route=\/wp\/v2\/types\/page"}],"author":[{"embeddable":true,"href":"https:\/\/www.tlumaczeniaprzysiegle.org\/index.php?rest_route=\/wp\/v2\/users\/1"}],"replies":[{"embeddable":true,"href":"https:\/\/www.tlumaczeniaprzysiegle.org\/index.php?rest_route=%2Fwp%2Fv2%2Fcomments&post=131"}],"version-history":[{"count":42,"href":"https:\/\/www.tlumaczeniaprzysiegle.org\/index.php?rest_route=\/wp\/v2\/pages\/131\/revisions"}],"predecessor-version":[{"id":270,"href":"https:\/\/www.tlumaczeniaprzysiegle.org\/index.php?rest_route=\/wp\/v2\/pages\/131\/revisions\/270"}],"wp:attachment":[{"href":"https:\/\/www.tlumaczeniaprzysiegle.org\/index.php?rest_route=%2Fwp%2Fv2%2Fmedia&parent=131"}],"curies":[{"name":"wp","href":"https:\/\/api.w.org\/{rel}","templated":true}]}}