{"id":43,"date":"2018-01-06T15:18:40","date_gmt":"2018-01-06T14:18:40","guid":{"rendered":"http:\/\/127.0.0.1\/wordpress\/?page_id=43"},"modified":"2018-01-24T20:22:24","modified_gmt":"2018-01-24T19:22:24","slug":"strona-glowna","status":"publish","type":"page","link":"https:\/\/www.tlumaczeniaprzysiegle.org\/","title":{"rendered":"Dzie\u0144 dobry!"},"content":{"rendered":"<p align=\"JUSTIFY\">Bez wzgl\u0119du na to, czy reprezentuj\u0105 Pa\u0144stwo du\u017c\u0105 firm\u0119, czy indywidualnie potrzebuj\u0105 profesjonalnie wykonanego t\u0142umaczenia, za cen\u0119 nie zawieraj\u0105c\u0105 narzutu po\u015brednik\u00f3w\u2026<\/p>\n<h2 align=\"CENTER\"><strong>\u2026ZAPRASZAM DO WSP\u00d3\u0141PRACY!<\/strong><\/h2>\n<p align=\"JUSTIFY\">Jestem do\u015bwiadczonym t\u0142umaczem przysi\u0119g\u0142ym j\u0119zyka angielskiego wpisanym na list\u0119 t\u0142umaczy przysi\u0119g\u0142ych prowadzon\u0105 przez Ministra Sprawiedliwo\u015bci pod numerem TP\/448\/05.<\/p>\n<ul>\n<li>dokument\u00f3w potrzebnych do wyjazdu za granic\u0119 w celach zarobkowych &#8211; akt\u00f3w urodzenia, \u015bwiadectw pracy, za\u015bwiadcze\u0144 o niekaralno\u015bci<\/li>\n<li>tekst\u00f3w marketingowych &#8211; materia\u0142\u00f3w promocyjnych, folder\u00f3w reklamowych, materia\u0142\u00f3w szkoleniowych dla pracownik\u00f3w<\/li>\n<li>tekst\u00f3w technicznych &#8211; tekst\u00f3w technologicznych dla zak\u0142ad\u00f3w przemys\u0142owych, instrukcji obs\u0142ugi program\u00f3w komputerowych, tekst\u00f3w instrukta\u017cowych dla operator\u00f3w maszyn i urz\u0105dze\u0144<\/li>\n<li>tekst\u00f3w biurowych &#8211; formularzy i zestawie\u0144 statystycznych, korespondencji, tekst\u00f3w zwi\u0105zanych z codzienn\u0105 dzia\u0142alno\u015bci\u0105 firm i przedsi\u0119biorstw<\/li>\n<li>tekst\u00f3w prawniczych &#8211; um\u00f3w bankowych, um\u00f3w mi\u0119dzy partnerami handlowymi, regulamin\u00f3w bankowych, um\u00f3w sp\u00f3\u0142ek<\/li>\n<li>tekst\u00f3w literackich &#8211; powie\u015bci, nowel, opowiada\u0144<\/li>\n<\/ul>\n<p>&nbsp;<\/p>\n<p style=\"text-align: center;\">Szybka i <b>bezp\u0142atna<\/b> wycena t\u0142umaczenia.<br \/>\nPrzy nietypowych zam\u00f3wieniach warunki wykonania zlecenia oraz ceny podlegaj\u0105 negocjacji.<br \/>\nPrzy wi\u0119kszych zam\u00f3wieniach &#8211; <b>zni\u017cki!<\/b><\/p>\n<p>&nbsp;<\/p>\n","protected":false},"excerpt":{"rendered":"<p>Bez wzgl\u0119du na to, czy reprezentuj\u0105 Pa\u0144stwo du\u017c\u0105 firm\u0119, czy indywidualnie potrzebuj\u0105 profesjonalnie wykonanego t\u0142umaczenia, za cen\u0119 nie zawieraj\u0105c\u0105 narzutu po\u015brednik\u00f3w\u2026 \u2026ZAPRASZAM DO WSP\u00d3\u0141PRACY! Jestem do\u015bwiadczonym t\u0142umaczem przysi\u0119g\u0142ym j\u0119zyka angielskiego wpisanym na list\u0119 t\u0142umaczy przysi\u0119g\u0142ych prowadzon\u0105 przez Ministra Sprawiedliwo\u015bci pod <a href=\"https:\/\/www.tlumaczeniaprzysiegle.org\/\" class=\"read-more\">Read More &#8230;<\/a><\/p>\n","protected":false},"author":1,"featured_media":0,"parent":0,"menu_order":0,"comment_status":"closed","ping_status":"closed","template":"","meta":{"footnotes":""},"class_list":["post-43","page","type-page","status-publish","hentry"],"_links":{"self":[{"href":"https:\/\/www.tlumaczeniaprzysiegle.org\/index.php?rest_route=\/wp\/v2\/pages\/43","targetHints":{"allow":["GET"]}}],"collection":[{"href":"https:\/\/www.tlumaczeniaprzysiegle.org\/index.php?rest_route=\/wp\/v2\/pages"}],"about":[{"href":"https:\/\/www.tlumaczeniaprzysiegle.org\/index.php?rest_route=\/wp\/v2\/types\/page"}],"author":[{"embeddable":true,"href":"https:\/\/www.tlumaczeniaprzysiegle.org\/index.php?rest_route=\/wp\/v2\/users\/1"}],"replies":[{"embeddable":true,"href":"https:\/\/www.tlumaczeniaprzysiegle.org\/index.php?rest_route=%2Fwp%2Fv2%2Fcomments&post=43"}],"version-history":[{"count":15,"href":"https:\/\/www.tlumaczeniaprzysiegle.org\/index.php?rest_route=\/wp\/v2\/pages\/43\/revisions"}],"predecessor-version":[{"id":392,"href":"https:\/\/www.tlumaczeniaprzysiegle.org\/index.php?rest_route=\/wp\/v2\/pages\/43\/revisions\/392"}],"wp:attachment":[{"href":"https:\/\/www.tlumaczeniaprzysiegle.org\/index.php?rest_route=%2Fwp%2Fv2%2Fmedia&parent=43"}],"curies":[{"name":"wp","href":"https:\/\/api.w.org\/{rel}","templated":true}]}}